{"id":110,"date":"2020-11-27T17:59:19","date_gmt":"2020-11-27T17:59:19","guid":{"rendered":"https:\/\/export-demos.qreativethemes.com\/physio\/?page_id=110"},"modified":"2023-01-17T23:06:24","modified_gmt":"2023-01-17T23:06:24","slug":"avaliacao","status":"publish","type":"page","link":"https:\/\/infinitipalmilhas.com.br\/index.php\/avaliacao\/","title":{"rendered":"Como \u00e9 a avalia\u00e7\u00e3o?"},"content":{"rendered":"<div id=\"pl-110\"  class=\"panel-layout\" ><div id=\"pg-110-0\"  class=\"panel-grid panel-no-style\" ><div id=\"pgc-110-0-0\"  class=\"panel-grid-cell\" ><div id=\"panel-110-0-0-0\" class=\"so-panel widget widget_qt_feature_page widget-featured-page panel-first-child panel-last-child\" data-index=\"0\" >\n\t\t\t<div class=\"featured-page\">\n\t\t\t\t\t\t\t\t\t<div class=\"featured-page--image\">\n\t\t\t\t\t\t<a href=\"https:\/\/infinitipalmilhas.com.br\/index.php\/avaliacao\/analise-dos-pontos-de-pressao\/\">\n\t\t\t\t\t\t\t<img loading=\"lazy\" decoding=\"async\" width=\"300\" height=\"200\" src=\"https:\/\/infinitipalmilhas.com.br\/wp-content\/uploads\/2023\/01\/1.jpg\" class=\"attachment-physio-qt-featured-s size-physio-qt-featured-s\" alt=\"1. An\u00e1lise dos pontos de press\u00e3o\" srcset=\"https:\/\/infinitipalmilhas.com.br\/wp-content\/uploads\/2023\/01\/1.jpg 300w, https:\/\/infinitipalmilhas.com.br\/wp-content\/uploads\/2023\/01\/1-272x182.jpg 272w\" sizes=\"auto, (min-width: 781px) 360px, calc(100vw - 30px)\" \/>\t\t\t\t\t\t\t<div class=\"featured-page--overlay\">\n\t\t\t\t\t\t\t\t\t\t\t\t\t\t\t\t\t<div class=\"overlay--center\">\n\t\t\t\t\t\t\t\t\t\t<span>Ver Mais<\/span>\n\t\t\t\t\t\t\t\t\t<\/div>\n\t\t\t\t\t\t\t\t\t\t\t\t\t\t\t<\/div>\n\t\t\t\t\t\t<\/a>\n\t\t\t\t\t<\/div>\n\t\t\t\t\t\t\t\t<div class=\"featured-page--content\">\n\t\t\t\t\t<h4 class=\"featued-page--title\">\n\t\t\t\t\t\t<a href=\"https:\/\/infinitipalmilhas.com.br\/index.php\/avaliacao\/analise-dos-pontos-de-pressao\/\">1. An\u00e1lise dos pontos de press\u00e3o<\/a>\n\t\t\t\t\t<\/h4>\n\t\t\t\t\t\t\t\t\t\t\t<p>FASE 1:\r\n\r\nIdentificamos e analisamos\u00a0os pontos de press\u00e3o existentes na face plantar do paciente utilizando um equipamento chamado Baropod\u00f4metro.<\/p>\n\t\t\t\t\t\t\t\t\t\t\t\t\t\t\t\t<a href=\"https:\/\/infinitipalmilhas.com.br\/index.php\/avaliacao\/analise-dos-pontos-de-pressao\/\" class=\"text-link\">Ver Mais<\/a>\n\t\t\t\t\t\t\t\t\t<\/div>\n\t\t\t<\/div>\n\n\t\t\t<\/div><\/div><div id=\"pgc-110-0-1\"  class=\"panel-grid-cell\" ><div id=\"panel-110-0-1-0\" class=\"so-panel widget widget_qt_feature_page widget-featured-page panel-first-child panel-last-child\" data-index=\"1\" >\n\t\t\t<div class=\"featured-page\">\n\t\t\t\t\t\t\t\t\t<div class=\"featured-page--image\">\n\t\t\t\t\t\t<a href=\"https:\/\/infinitipalmilhas.com.br\/index.php\/avaliacao\/escaneamento-3d\/\">\n\t\t\t\t\t\t\t<img loading=\"lazy\" decoding=\"async\" width=\"300\" height=\"200\" src=\"https:\/\/infinitipalmilhas.com.br\/wp-content\/uploads\/2023\/01\/0.jpg\" class=\"attachment-physio-qt-featured-s size-physio-qt-featured-s\" alt=\"2. Escaneamento 3D dos P\u00e9s\" srcset=\"https:\/\/infinitipalmilhas.com.br\/wp-content\/uploads\/2023\/01\/0.jpg 300w, https:\/\/infinitipalmilhas.com.br\/wp-content\/uploads\/2023\/01\/0-272x182.jpg 272w\" sizes=\"auto, (min-width: 781px) 360px, calc(100vw - 30px)\" \/>\t\t\t\t\t\t\t<div class=\"featured-page--overlay\">\n\t\t\t\t\t\t\t\t\t\t\t\t\t\t\t\t\t<div class=\"overlay--center\">\n\t\t\t\t\t\t\t\t\t\t<span>Ver Mais<\/span>\n\t\t\t\t\t\t\t\t\t<\/div>\n\t\t\t\t\t\t\t\t\t\t\t\t\t\t\t<\/div>\n\t\t\t\t\t\t<\/a>\n\t\t\t\t\t<\/div>\n\t\t\t\t\t\t\t\t<div class=\"featured-page--content\">\n\t\t\t\t\t<h4 class=\"featued-page--title\">\n\t\t\t\t\t\t<a href=\"https:\/\/infinitipalmilhas.com.br\/index.php\/avaliacao\/escaneamento-3d\/\">2. Escaneamento 3D dos P\u00e9s<\/a>\n\t\t\t\t\t<\/h4>\n\t\t\t\t\t\t\t\t\t\t\t<p>FASE 2:\r\n\r\nUtilizamos a tecnologia de captura de imagem tridimensional, com precis\u00e3o milim\u00e9trica, de todas as curvas da face plantar do paciente, atrav\u00e9s do escaneamento 3D dos membros.<\/p>\n\t\t\t\t\t\t\t\t\t\t\t\t\t\t\t\t<a href=\"https:\/\/infinitipalmilhas.com.br\/index.php\/avaliacao\/escaneamento-3d\/\" class=\"text-link\">Ver Mais<\/a>\n\t\t\t\t\t\t\t\t\t<\/div>\n\t\t\t<\/div>\n\n\t\t\t<\/div><\/div><div id=\"pgc-110-0-2\"  class=\"panel-grid-cell\" ><div id=\"panel-110-0-2-0\" class=\"so-panel widget widget_qt_feature_page widget-featured-page panel-first-child panel-last-child\" data-index=\"2\" >\n\t\t\t<div class=\"featured-page\">\n\t\t\t\t\t\t\t\t\t<div class=\"featured-page--image\">\n\t\t\t\t\t\t<a href=\"https:\/\/infinitipalmilhas.com.br\/index.php\/avaliacao\/design-palmilhas\/\">\n\t\t\t\t\t\t\t<img loading=\"lazy\" decoding=\"async\" width=\"300\" height=\"200\" src=\"https:\/\/infinitipalmilhas.com.br\/wp-content\/uploads\/2023\/01\/2.jpg\" class=\"attachment-physio-qt-featured-s size-physio-qt-featured-s\" alt=\"3. Design das Palmilhas 3D\" srcset=\"https:\/\/infinitipalmilhas.com.br\/wp-content\/uploads\/2023\/01\/2.jpg 300w, https:\/\/infinitipalmilhas.com.br\/wp-content\/uploads\/2023\/01\/2-272x182.jpg 272w\" sizes=\"auto, (min-width: 781px) 360px, calc(100vw - 30px)\" \/>\t\t\t\t\t\t\t<div class=\"featured-page--overlay\">\n\t\t\t\t\t\t\t\t\t\t\t\t\t\t\t\t\t<div class=\"overlay--center\">\n\t\t\t\t\t\t\t\t\t\t<span>Ver Mais<\/span>\n\t\t\t\t\t\t\t\t\t<\/div>\n\t\t\t\t\t\t\t\t\t\t\t\t\t\t\t<\/div>\n\t\t\t\t\t\t<\/a>\n\t\t\t\t\t<\/div>\n\t\t\t\t\t\t\t\t<div class=\"featured-page--content\">\n\t\t\t\t\t<h4 class=\"featued-page--title\">\n\t\t\t\t\t\t<a href=\"https:\/\/infinitipalmilhas.com.br\/index.php\/avaliacao\/design-palmilhas\/\">3. Design das Palmilhas 3D<\/a>\n\t\t\t\t\t<\/h4>\n\t\t\t\t\t\t\t\t\t\t\t<p>FASE 3:\r\n\r\nCom software CAD desenvolvido especialmente para essa finalidade, desenhamos sob medida sua palmilha 3D adaptando perfeitamente suas curvaturas com a face plantar do paciente.<\/p>\n\t\t\t\t\t\t\t\t\t\t\t\t\t\t\t\t<a href=\"https:\/\/infinitipalmilhas.com.br\/index.php\/avaliacao\/design-palmilhas\/\" class=\"text-link\">Ver Mais<\/a>\n\t\t\t\t\t\t\t\t\t<\/div>\n\t\t\t<\/div>\n\n\t\t\t<\/div><\/div><div id=\"pgc-110-0-3\"  class=\"panel-grid-cell\" ><div id=\"panel-110-0-3-0\" class=\"so-panel widget widget_qt_feature_page widget-featured-page panel-first-child panel-last-child\" data-index=\"3\" >\n\t\t\t<div class=\"featured-page\">\n\t\t\t\t\t\t\t\t\t<div class=\"featured-page--image\">\n\t\t\t\t\t\t<a href=\"https:\/\/infinitipalmilhas.com.br\/index.php\/avaliacao\/impressao-palmilhas\/\">\n\t\t\t\t\t\t\t<img loading=\"lazy\" decoding=\"async\" width=\"300\" height=\"200\" src=\"https:\/\/infinitipalmilhas.com.br\/wp-content\/uploads\/2023\/01\/3-1.jpg\" class=\"attachment-physio-qt-featured-s size-physio-qt-featured-s\" alt=\"4. Impress\u00e3o 3D das Palmilhas\" srcset=\"https:\/\/infinitipalmilhas.com.br\/wp-content\/uploads\/2023\/01\/3-1.jpg 300w, https:\/\/infinitipalmilhas.com.br\/wp-content\/uploads\/2023\/01\/3-1-272x182.jpg 272w\" sizes=\"auto, (min-width: 781px) 360px, calc(100vw - 30px)\" \/>\t\t\t\t\t\t\t<div class=\"featured-page--overlay\">\n\t\t\t\t\t\t\t\t\t\t\t\t\t\t\t\t\t<div class=\"overlay--center\">\n\t\t\t\t\t\t\t\t\t\t<span>Ver Mais<\/span>\n\t\t\t\t\t\t\t\t\t<\/div>\n\t\t\t\t\t\t\t\t\t\t\t\t\t\t\t<\/div>\n\t\t\t\t\t\t<\/a>\n\t\t\t\t\t<\/div>\n\t\t\t\t\t\t\t\t<div class=\"featured-page--content\">\n\t\t\t\t\t<h4 class=\"featued-page--title\">\n\t\t\t\t\t\t<a href=\"https:\/\/infinitipalmilhas.com.br\/index.php\/avaliacao\/impressao-palmilhas\/\">4. Impress\u00e3o 3D das Palmilhas<\/a>\n\t\t\t\t\t<\/h4>\n\t\t\t\t\t\t\t\t\t\t\t<p>FASE 4:\r\n\r\nAs Palmilhas 3D sob medida s\u00e3o produzidas em impressoras 3D, utilizando filamentos de TPU (Poliuretano Termopl\u00e1stico), um material altamente resistente e flex\u00edvel, trazendo...<\/p>\n\t\t\t\t\t\t\t\t\t\t\t\t\t\t\t\t<a href=\"https:\/\/infinitipalmilhas.com.br\/index.php\/avaliacao\/impressao-palmilhas\/\" class=\"text-link\">Ver Mais<\/a>\n\t\t\t\t\t\t\t\t\t<\/div>\n\t\t\t<\/div>\n\n\t\t\t<\/div><\/div><\/div><div id=\"pg-110-1\"  class=\"panel-grid panel-no-style\" ><div id=\"pgc-110-1-0\"  class=\"panel-grid-cell panel-grid-cell-empty\" ><\/div><div id=\"pgc-110-1-1\"  class=\"panel-grid-cell panel-grid-cell-empty panel-grid-cell-mobile-last\" ><\/div><div id=\"pgc-110-1-2\"  class=\"panel-grid-cell panel-grid-cell-empty\" ><\/div><\/div><\/div>","protected":false},"excerpt":{"rendered":"<p>Ver Mais 1. An\u00e1lise dos pontos de press\u00e3o FASE 1: Identificamos e analisamos\u00a0os pontos de press\u00e3o existentes na face plantar do paciente utilizando um equipamento chamado Baropod\u00f4metro. Ver Mais Ver Mais 2. Escaneamento 3D dos P\u00e9s FASE 2: Utilizamos a tecnologia de captura de imagem tridimensional, com precis\u00e3o milim\u00e9trica, de todas as curvas da face [&hellip;]<\/p>\n","protected":false},"author":1,"featured_media":0,"parent":0,"menu_order":0,"comment_status":"closed","ping_status":"closed","template":"","meta":{"om_disable_all_campaigns":false,"_monsterinsights_skip_tracking":false,"_monsterinsights_sitenote_active":false,"_monsterinsights_sitenote_note":"","_monsterinsights_sitenote_category":0,"_uf_show_specific_survey":0,"_uf_disable_surveys":false,"footnotes":""},"class_list":["post-110","page","type-page","status-publish","hentry"],"acf":[],"aioseo_notices":[],"_links":{"self":[{"href":"https:\/\/infinitipalmilhas.com.br\/index.php\/wp-json\/wp\/v2\/pages\/110","targetHints":{"allow":["GET"]}}],"collection":[{"href":"https:\/\/infinitipalmilhas.com.br\/index.php\/wp-json\/wp\/v2\/pages"}],"about":[{"href":"https:\/\/infinitipalmilhas.com.br\/index.php\/wp-json\/wp\/v2\/types\/page"}],"author":[{"embeddable":true,"href":"https:\/\/infinitipalmilhas.com.br\/index.php\/wp-json\/wp\/v2\/users\/1"}],"replies":[{"embeddable":true,"href":"https:\/\/infinitipalmilhas.com.br\/index.php\/wp-json\/wp\/v2\/comments?post=110"}],"version-history":[{"count":14,"href":"https:\/\/infinitipalmilhas.com.br\/index.php\/wp-json\/wp\/v2\/pages\/110\/revisions"}],"predecessor-version":[{"id":8191,"href":"https:\/\/infinitipalmilhas.com.br\/index.php\/wp-json\/wp\/v2\/pages\/110\/revisions\/8191"}],"wp:attachment":[{"href":"https:\/\/infinitipalmilhas.com.br\/index.php\/wp-json\/wp\/v2\/media?parent=110"}],"curies":[{"name":"wp","href":"https:\/\/api.w.org\/{rel}","templated":true}]}}