{"id":117,"date":"2020-11-27T18:00:51","date_gmt":"2020-11-27T18:00:51","guid":{"rendered":"https:\/\/export-demos.qreativethemes.com\/physio\/?page_id=117"},"modified":"2023-01-18T17:35:50","modified_gmt":"2023-01-18T17:35:50","slug":"contato","status":"publish","type":"page","link":"https:\/\/infinitipalmilhas.com.br\/index.php\/contato\/","title":{"rendered":"Contato"},"content":{"rendered":"<div id=\"pl-117\"  class=\"panel-layout\" ><div id=\"pg-117-0\"  class=\"panel-grid panel-no-style\" ><div id=\"pgc-117-0-0\"  class=\"panel-grid-cell\" ><div id=\"panel-117-0-0-0\" class=\"so-panel widget widget_sow-editor panel-first-child panel-last-child\" data-index=\"0\" ><div class=\"featured-box panel-widget-style panel-widget-style-for-117-0-0-0\" ><div\n\t\t\t\n\t\t\tclass=\"so-widget-sow-editor so-widget-sow-editor-base\"\n\t\t\t\n\t\t>\n<div class=\"siteorigin-widget-tinymce textwidget\">\n\t<p><strong>Edif\u00edcio Jatob\u00e1<br \/>\n<\/strong><span style=\"line-height: 1.5;\">Rua Rangel Pestana, 828<br \/>\nSala 43<br \/>\n<\/span><span style=\"line-height: 1.5;\">Centro - Jundia\u00ed - SP<br \/>\n<\/span><span style=\"line-height: 1.5;\">CEP:13.201-000<br \/>\n<\/span><\/p>\n<hr \/>\n<p><strong>Contato:<br \/>\n<\/strong>(11) 98259-9563<\/p>\n<hr \/>\n<p><strong>Email<br \/>\n<\/strong>contato@infinitipalmilhas.com.br<\/p>\n<hr \/>\n<p><strong>Redes Sociais<br \/>\n<\/strong><\/p>\n<span class=\"icon-wrap\"><i class=\"infiniti_palmilhas\"><\/i><\/span>\n<\/div>\n<\/div><\/div><\/div><\/div><div id=\"pgc-117-0-1\"  class=\"panel-grid-cell\" ><div id=\"panel-117-0-1-0\" class=\"so-panel widget widget_qt_google_map_iframe widget-google-map-iframe panel-first-child\" data-index=\"1\" >\n\t    \t<div class=\"qt-map-iframe\">\n\t\t\t\t<iframe loading=\"lazy\" frameborder=\"0\" title=\"Google Maps\" src=\"https:\/\/maps.google.com\/maps?f=q&source=s_q&hl=en&geocode=&q=Edif\u00edcio+Jatob\u00e1+Rua+Rangel+Pestana+828+-+Sala+43+Centro+-+Jundiai+-+SP+13.201-000&z=12&output=embed\" width=\"100%\" height=\"337px;\"><\/iframe>\n\t\t\t<\/div>\n\t\t\t\t\n\t\t\t<\/div><div id=\"panel-117-0-1-1\" class=\"so-panel widget widget_sow-editor\" data-index=\"2\" ><div class=\"smaller-widget-title panel-widget-style panel-widget-style-for-117-0-1-1\" ><div\n\t\t\t\n\t\t\tclass=\"so-widget-sow-editor so-widget-sow-editor-base\"\n\t\t\t\n\t\t><h3 class=\"widget-title\">Envie-nos uma mensagem<\/h3>\n<div class=\"siteorigin-widget-tinymce textwidget\">\n\t<p>Sinta-se \u00e0 vontade para fazer qualquer pergunta por telefone ou entrar em contato atrav\u00e9s do nosso formul\u00e1rio de contato abaixo.<\/p>\n<p>Sua mensagem ser\u00e1 enviada diretamente para nossa equipe que responder\u00e1 o mais r\u00e1pido poss\u00edvel.<\/p>\n<\/div>\n<\/div><\/div><\/div><div id=\"panel-117-0-1-2\" class=\"so-panel widget widget_sow-editor panel-last-child\" data-index=\"3\" ><div class=\"panel-widget-style panel-widget-style-for-117-0-1-2\" ><div\n\t\t\t\n\t\t\tclass=\"so-widget-sow-editor so-widget-sow-editor-base\"\n\t\t\t\n\t\t>\n<div class=\"siteorigin-widget-tinymce textwidget\">\n\t<p>[contact-form-7 id=\"7485\" title=\"Contact Page\"]<\/p>\n<\/div>\n<\/div><\/div><\/div><\/div><\/div><\/div>","protected":false},"excerpt":{"rendered":"<p>Edif\u00edcio Jatob\u00e1 Rua Rangel Pestana, 828 Sala 43 Centro &#8211; Jundia\u00ed &#8211; SP CEP:13.201-000 Contato: (11) 98259-9563 Email contato@infinitipalmilhas.com.br Redes Sociais Sinta-se \u00e0 vontade para fazer qualquer pergunta por telefone ou entrar em contato atrav\u00e9s do nosso formul\u00e1rio de contato abaixo. Sua mensagem ser\u00e1 enviada diretamente para nossa equipe que responder\u00e1 o mais r\u00e1pido poss\u00edvel.<\/p>\n","protected":false},"author":1,"featured_media":0,"parent":0,"menu_order":0,"comment_status":"closed","ping_status":"closed","template":"","meta":{"om_disable_all_campaigns":false,"_monsterinsights_skip_tracking":false,"_monsterinsights_sitenote_active":false,"_monsterinsights_sitenote_note":"","_monsterinsights_sitenote_category":0,"_uf_show_specific_survey":0,"_uf_disable_surveys":false,"footnotes":""},"class_list":["post-117","page","type-page","status-publish","hentry"],"acf":[],"aioseo_notices":[],"_links":{"self":[{"href":"https:\/\/infinitipalmilhas.com.br\/index.php\/wp-json\/wp\/v2\/pages\/117","targetHints":{"allow":["GET"]}}],"collection":[{"href":"https:\/\/infinitipalmilhas.com.br\/index.php\/wp-json\/wp\/v2\/pages"}],"about":[{"href":"https:\/\/infinitipalmilhas.com.br\/index.php\/wp-json\/wp\/v2\/types\/page"}],"author":[{"embeddable":true,"href":"https:\/\/infinitipalmilhas.com.br\/index.php\/wp-json\/wp\/v2\/users\/1"}],"replies":[{"embeddable":true,"href":"https:\/\/infinitipalmilhas.com.br\/index.php\/wp-json\/wp\/v2\/comments?post=117"}],"version-history":[{"count":23,"href":"https:\/\/infinitipalmilhas.com.br\/index.php\/wp-json\/wp\/v2\/pages\/117\/revisions"}],"predecessor-version":[{"id":8301,"href":"https:\/\/infinitipalmilhas.com.br\/index.php\/wp-json\/wp\/v2\/pages\/117\/revisions\/8301"}],"wp:attachment":[{"href":"https:\/\/infinitipalmilhas.com.br\/index.php\/wp-json\/wp\/v2\/media?parent=117"}],"curies":[{"name":"wp","href":"https:\/\/api.w.org\/{rel}","templated":true}]}}