{"id":307,"date":"2020-12-03T23:30:13","date_gmt":"2020-12-03T23:30:13","guid":{"rendered":"https:\/\/export-demos.qreativethemes.com\/physio\/?page_id=307"},"modified":"2023-01-19T12:12:54","modified_gmt":"2023-01-19T12:12:54","slug":"escaneamento-3d","status":"publish","type":"page","link":"https:\/\/infinitipalmilhas.com.br\/index.php\/avaliacao\/escaneamento-3d\/","title":{"rendered":"2. Escaneamento 3D dos P\u00e9s"},"content":{"rendered":"<div id=\"pl-307\"  class=\"panel-layout\" ><div id=\"pg-307-0\"  class=\"panel-grid panel-no-style\" ><div id=\"pgc-307-0-0\"  class=\"panel-grid-cell\" ><div id=\"panel-307-0-0-0\" class=\"so-panel widget widget_media_image panel-first-child\" data-index=\"0\" ><a href=\"https:\/\/infinitipalmilhas.com.br\/wp-content\/uploads\/2023\/01\/scan1.jpg\"><img loading=\"lazy\" decoding=\"async\" width=\"850\" height=\"567\" src=\"https:\/\/infinitipalmilhas.com.br\/wp-content\/uploads\/2023\/01\/scan1.jpg\" class=\"image wp-image-7970  attachment-full size-full\" alt=\"\" style=\"max-width: 100%; height: auto;\" srcset=\"https:\/\/infinitipalmilhas.com.br\/wp-content\/uploads\/2023\/01\/scan1.jpg 850w, https:\/\/infinitipalmilhas.com.br\/wp-content\/uploads\/2023\/01\/scan1-300x200.jpg 300w, https:\/\/infinitipalmilhas.com.br\/wp-content\/uploads\/2023\/01\/scan1-768x512.jpg 768w, https:\/\/infinitipalmilhas.com.br\/wp-content\/uploads\/2023\/01\/scan1-360x240.jpg 360w, https:\/\/infinitipalmilhas.com.br\/wp-content\/uploads\/2023\/01\/scan1-272x182.jpg 272w\" sizes=\"auto, (max-width: 850px) 100vw, 850px\" \/><\/a><\/div><div id=\"panel-307-0-0-1\" class=\"so-panel widget widget_media_image panel-last-child\" data-index=\"1\" ><a href=\"https:\/\/infinitipalmilhas.com.br\/wp-content\/uploads\/2023\/01\/scan2.jpg\"><img loading=\"lazy\" decoding=\"async\" width=\"850\" height=\"567\" src=\"https:\/\/infinitipalmilhas.com.br\/wp-content\/uploads\/2023\/01\/scan2.jpg\" class=\"image wp-image-7971  attachment-full size-full\" alt=\"\" style=\"max-width: 100%; height: auto;\" srcset=\"https:\/\/infinitipalmilhas.com.br\/wp-content\/uploads\/2023\/01\/scan2.jpg 850w, https:\/\/infinitipalmilhas.com.br\/wp-content\/uploads\/2023\/01\/scan2-300x200.jpg 300w, https:\/\/infinitipalmilhas.com.br\/wp-content\/uploads\/2023\/01\/scan2-768x512.jpg 768w, https:\/\/infinitipalmilhas.com.br\/wp-content\/uploads\/2023\/01\/scan2-360x240.jpg 360w, https:\/\/infinitipalmilhas.com.br\/wp-content\/uploads\/2023\/01\/scan2-272x182.jpg 272w\" sizes=\"auto, (max-width: 850px) 100vw, 850px\" \/><\/a><\/div><\/div><div id=\"pgc-307-0-1\"  class=\"panel-grid-cell\" ><div id=\"panel-307-0-1-0\" class=\"so-panel widget widget_sow-editor panel-first-child\" data-index=\"2\" ><div\n\t\t\t\n\t\t\tclass=\"so-widget-sow-editor so-widget-sow-editor-base\"\n\t\t\t\n\t\t>\n<div class=\"siteorigin-widget-tinymce textwidget\">\n\t<div class=\"flex flex-grow flex-col gap-3\">\n<div class=\"min-h-[20px] flex flex-col items-start gap-4 whitespace-pre-wrap\">\n<div class=\"markdown prose w-full break-words dark:prose-invert light\">\n<p><strong>FASE 2:<\/strong><\/p>\n<p>Utilizamos a tecnologia de captura de imagem tridimensional, com precis\u00e3o milim\u00e9trica, de todas as curvas da face plantar do paciente, atrav\u00e9s do escaneamento 3D dos membros.<\/p>\n<p>Uma vez que as imagens dos p\u00e9s s\u00e3o capturadas, elas s\u00e3o processadas por software especializado para criar uma representa\u00e7\u00e3o digital precisa do formato e da geometria dos p\u00e9s. Essa representa\u00e7\u00e3o digital ent\u00e3o \u00e9 usada para desenvolver uma palmilha 3D sob medida que se adapta perfeitamente ao formato e as necessidades de cada paciente.<\/p>\n<p>Agende agora uma avalia\u00e7\u00e3o e se beneficie de uma vida sem dor com as palmilhas mais tecnol\u00f3gicas do mercado!<\/p>\n<\/div>\n<\/div>\n<\/div>\n<\/div>\n<\/div><\/div><div id=\"panel-307-0-1-1\" class=\"so-panel widget widget_sow-button panel-last-child\" data-index=\"3\" ><div\n\t\t\t\n\t\t\tclass=\"so-widget-sow-button so-widget-sow-button-flat-c13b6912c499-307\"\n\t\t\t\n\t\t><div class=\"ow-button-base ow-button-align-center\"\n>\n\t\t\t<a\n\t\t\t\t\thref=\"https:\/\/infinitipalmilhas.com.br\/index.php\/agendamento\/\"\n\t\t\t\t\tclass=\"sowb-button ow-icon-placement-left ow-button-hover\" \t>\n\t\t<span>\n\t\t\t\n\t\t\tAgende sua avalia\u00e7\u00e3o\t\t<\/span>\n\t\t\t<\/a>\n\t<\/div>\n<\/div><\/div><\/div><\/div><\/div>","protected":false},"excerpt":{"rendered":"<p>FASE 2:<\/p>\n<p>Utilizamos a tecnologia de captura de imagem tridimensional, com precis\u00e3o milim\u00e9trica, de todas as curvas da face plantar do paciente, atrav\u00e9s do escaneamento 3D dos membros.<\/p>\n","protected":false},"author":1,"featured_media":8137,"parent":110,"menu_order":0,"comment_status":"closed","ping_status":"closed","template":"","meta":{"om_disable_all_campaigns":false,"_monsterinsights_skip_tracking":false,"_monsterinsights_sitenote_active":false,"_monsterinsights_sitenote_note":"","_monsterinsights_sitenote_category":0,"_uf_show_specific_survey":0,"_uf_disable_surveys":false,"footnotes":""},"class_list":["post-307","page","type-page","status-publish","has-post-thumbnail","hentry"],"acf":[],"aioseo_notices":[],"_links":{"self":[{"href":"https:\/\/infinitipalmilhas.com.br\/index.php\/wp-json\/wp\/v2\/pages\/307","targetHints":{"allow":["GET"]}}],"collection":[{"href":"https:\/\/infinitipalmilhas.com.br\/index.php\/wp-json\/wp\/v2\/pages"}],"about":[{"href":"https:\/\/infinitipalmilhas.com.br\/index.php\/wp-json\/wp\/v2\/types\/page"}],"author":[{"embeddable":true,"href":"https:\/\/infinitipalmilhas.com.br\/index.php\/wp-json\/wp\/v2\/users\/1"}],"replies":[{"embeddable":true,"href":"https:\/\/infinitipalmilhas.com.br\/index.php\/wp-json\/wp\/v2\/comments?post=307"}],"version-history":[{"count":31,"href":"https:\/\/infinitipalmilhas.com.br\/index.php\/wp-json\/wp\/v2\/pages\/307\/revisions"}],"predecessor-version":[{"id":8374,"href":"https:\/\/infinitipalmilhas.com.br\/index.php\/wp-json\/wp\/v2\/pages\/307\/revisions\/8374"}],"up":[{"embeddable":true,"href":"https:\/\/infinitipalmilhas.com.br\/index.php\/wp-json\/wp\/v2\/pages\/110"}],"wp:featuredmedia":[{"embeddable":true,"href":"https:\/\/infinitipalmilhas.com.br\/index.php\/wp-json\/wp\/v2\/media\/8137"}],"wp:attachment":[{"href":"https:\/\/infinitipalmilhas.com.br\/index.php\/wp-json\/wp\/v2\/media?parent=307"}],"curies":[{"name":"wp","href":"https:\/\/api.w.org\/{rel}","templated":true}]}}