{"id":6266,"date":"2020-12-21T19:42:46","date_gmt":"2020-12-21T19:42:46","guid":{"rendered":"https:\/\/export-demos.qreativethemes.com\/physio\/?page_id=6266"},"modified":"2023-04-16T22:04:02","modified_gmt":"2023-04-16T22:04:02","slug":"design-palmilhas","status":"publish","type":"page","link":"https:\/\/infinitipalmilhas.com.br\/index.php\/avaliacao\/design-palmilhas\/","title":{"rendered":"3. Design das Palmilhas 3D"},"content":{"rendered":"<div id=\"pl-6266\"  class=\"panel-layout\" ><div id=\"pg-6266-0\"  class=\"panel-grid panel-no-style\" ><div id=\"pgc-6266-0-0\"  class=\"panel-grid-cell\" ><div id=\"panel-6266-0-0-0\" class=\"so-panel widget widget_media_image panel-first-child\" data-index=\"0\" ><a href=\"https:\/\/infinitipalmilhas.com.br\/wp-content\/uploads\/2023\/04\/Design-Palmilha-1.jpg\"><img loading=\"lazy\" decoding=\"async\" width=\"1068\" height=\"548\" src=\"https:\/\/infinitipalmilhas.com.br\/wp-content\/uploads\/2023\/04\/Design-Palmilha-1.jpg\" class=\"image wp-image-8403  attachment-full size-full\" alt=\"\" style=\"max-width: 100%; height: auto;\" srcset=\"https:\/\/infinitipalmilhas.com.br\/wp-content\/uploads\/2023\/04\/Design-Palmilha-1.jpg 1068w, https:\/\/infinitipalmilhas.com.br\/wp-content\/uploads\/2023\/04\/Design-Palmilha-1-300x154.jpg 300w, https:\/\/infinitipalmilhas.com.br\/wp-content\/uploads\/2023\/04\/Design-Palmilha-1-1024x525.jpg 1024w, https:\/\/infinitipalmilhas.com.br\/wp-content\/uploads\/2023\/04\/Design-Palmilha-1-768x394.jpg 768w\" sizes=\"auto, (max-width: 1068px) 100vw, 1068px\" \/><\/a><\/div><div id=\"panel-6266-0-0-1\" class=\"so-panel widget widget_media_image panel-last-child\" data-index=\"1\" ><a href=\"https:\/\/infinitipalmilhas.com.br\/wp-content\/uploads\/2023\/01\/Pe-3D.jpg\"><img loading=\"lazy\" decoding=\"async\" width=\"676\" height=\"380\" src=\"https:\/\/infinitipalmilhas.com.br\/wp-content\/uploads\/2023\/01\/Pe-3D.jpg\" class=\"image wp-image-8294  attachment-full size-full\" alt=\"\" style=\"max-width: 100%; height: auto;\" srcset=\"https:\/\/infinitipalmilhas.com.br\/wp-content\/uploads\/2023\/01\/Pe-3D.jpg 676w, https:\/\/infinitipalmilhas.com.br\/wp-content\/uploads\/2023\/01\/Pe-3D-300x169.jpg 300w\" sizes=\"auto, (max-width: 676px) 100vw, 676px\" \/><\/a><\/div><\/div><div id=\"pgc-6266-0-1\"  class=\"panel-grid-cell\" ><div id=\"panel-6266-0-1-0\" class=\"so-panel widget widget_sow-editor panel-first-child\" data-index=\"2\" ><div\n\t\t\t\n\t\t\tclass=\"so-widget-sow-editor so-widget-sow-editor-base\"\n\t\t\t\n\t\t>\n<div class=\"siteorigin-widget-tinymce textwidget\">\n\t<div class=\"flex flex-grow flex-col gap-3\">\n<div class=\"min-h-[20px] flex flex-col items-start gap-4 whitespace-pre-wrap\">\n<div class=\"markdown prose w-full break-words dark:prose-invert light\">\n<p><strong>FASE 3:<\/strong><\/p>\n<p>Com software CAD desenvolvido especialmente para essa finalidade, desenhamos sob medida sua palmilha 3D adaptando perfeitamente suas curvaturas com a face plantar do paciente. Com a an\u00e1lise dos exames feitos na FASE 1 e FASE 2 da avalia\u00e7\u00e3o, s\u00e3o adicionadas as corre\u00e7\u00f5es adequadas e posicionadas precisamente no desenho da palmilha 3D, corrigindo a pisada e redistribuindo a press\u00e3o plantar do paciente.<\/p>\n<p>Agende agora uma avalia\u00e7\u00e3o e se beneficie de uma vida sem dor com as palmilhas mais tecnol\u00f3gicas do mercado.<\/p>\n<\/div>\n<\/div>\n<\/div>\n<\/div>\n<\/div><\/div><div id=\"panel-6266-0-1-1\" class=\"so-panel widget widget_sow-button panel-last-child\" data-index=\"3\" ><div\n\t\t\t\n\t\t\tclass=\"so-widget-sow-button so-widget-sow-button-flat-c13b6912c499-6266\"\n\t\t\t\n\t\t><div class=\"ow-button-base ow-button-align-center\"\n>\n\t\t\t<a\n\t\t\t\t\thref=\"https:\/\/infinitipalmilhas.com.br\/index.php\/agendamento\/\"\n\t\t\t\t\tclass=\"sowb-button ow-icon-placement-left ow-button-hover\" \t>\n\t\t<span>\n\t\t\t\n\t\t\tAgende sua avalia\u00e7\u00e3o\t\t<\/span>\n\t\t\t<\/a>\n\t<\/div>\n<\/div><\/div><\/div><\/div><\/div>","protected":false},"excerpt":{"rendered":"<p>FASE 3:<\/p>\n<p>Com software CAD desenvolvido especialmente para essa finalidade, desenhamos sob medida sua palmilha 3D adaptando perfeitamente suas curvaturas com a face plantar do paciente.<\/p>\n","protected":false},"author":1,"featured_media":7962,"parent":110,"menu_order":0,"comment_status":"closed","ping_status":"closed","template":"","meta":{"om_disable_all_campaigns":false,"_monsterinsights_skip_tracking":false,"_monsterinsights_sitenote_active":false,"_monsterinsights_sitenote_note":"","_monsterinsights_sitenote_category":0,"_uf_show_specific_survey":0,"_uf_disable_surveys":false,"footnotes":""},"class_list":["post-6266","page","type-page","status-publish","has-post-thumbnail","hentry"],"acf":[],"aioseo_notices":[],"_links":{"self":[{"href":"https:\/\/infinitipalmilhas.com.br\/index.php\/wp-json\/wp\/v2\/pages\/6266","targetHints":{"allow":["GET"]}}],"collection":[{"href":"https:\/\/infinitipalmilhas.com.br\/index.php\/wp-json\/wp\/v2\/pages"}],"about":[{"href":"https:\/\/infinitipalmilhas.com.br\/index.php\/wp-json\/wp\/v2\/types\/page"}],"author":[{"embeddable":true,"href":"https:\/\/infinitipalmilhas.com.br\/index.php\/wp-json\/wp\/v2\/users\/1"}],"replies":[{"embeddable":true,"href":"https:\/\/infinitipalmilhas.com.br\/index.php\/wp-json\/wp\/v2\/comments?post=6266"}],"version-history":[{"count":38,"href":"https:\/\/infinitipalmilhas.com.br\/index.php\/wp-json\/wp\/v2\/pages\/6266\/revisions"}],"predecessor-version":[{"id":8411,"href":"https:\/\/infinitipalmilhas.com.br\/index.php\/wp-json\/wp\/v2\/pages\/6266\/revisions\/8411"}],"up":[{"embeddable":true,"href":"https:\/\/infinitipalmilhas.com.br\/index.php\/wp-json\/wp\/v2\/pages\/110"}],"wp:featuredmedia":[{"embeddable":true,"href":"https:\/\/infinitipalmilhas.com.br\/index.php\/wp-json\/wp\/v2\/media\/7962"}],"wp:attachment":[{"href":"https:\/\/infinitipalmilhas.com.br\/index.php\/wp-json\/wp\/v2\/media?parent=6266"}],"curies":[{"name":"wp","href":"https:\/\/api.w.org\/{rel}","templated":true}]}}