{"id":6397,"date":"2020-12-28T20:04:19","date_gmt":"2020-12-28T20:04:19","guid":{"rendered":"https:\/\/export-demos.qreativethemes.com\/physio\/?page_id=6397"},"modified":"2023-04-16T22:03:17","modified_gmt":"2023-04-16T22:03:17","slug":"impressao-palmilhas","status":"publish","type":"page","link":"https:\/\/infinitipalmilhas.com.br\/index.php\/avaliacao\/impressao-palmilhas\/","title":{"rendered":"4. Impress\u00e3o 3D das Palmilhas"},"content":{"rendered":"<div id=\"pl-6397\"  class=\"panel-layout\" ><div id=\"pg-6397-0\"  class=\"panel-grid panel-no-style\" ><div id=\"pgc-6397-0-0\"  class=\"panel-grid-cell\" ><div id=\"panel-6397-0-0-0\" class=\"so-panel widget widget_media_image panel-first-child\" data-index=\"0\" ><a href=\"https:\/\/infinitipalmilhas.com.br\/wp-content\/uploads\/2023\/01\/fdm2.jpg\"><img loading=\"lazy\" decoding=\"async\" width=\"850\" height=\"567\" src=\"https:\/\/infinitipalmilhas.com.br\/wp-content\/uploads\/2023\/01\/fdm2.jpg\" class=\"image wp-image-7989  attachment-full size-full\" alt=\"\" style=\"max-width: 100%; height: auto;\" srcset=\"https:\/\/infinitipalmilhas.com.br\/wp-content\/uploads\/2023\/01\/fdm2.jpg 850w, https:\/\/infinitipalmilhas.com.br\/wp-content\/uploads\/2023\/01\/fdm2-300x200.jpg 300w, https:\/\/infinitipalmilhas.com.br\/wp-content\/uploads\/2023\/01\/fdm2-768x512.jpg 768w, https:\/\/infinitipalmilhas.com.br\/wp-content\/uploads\/2023\/01\/fdm2-360x240.jpg 360w, https:\/\/infinitipalmilhas.com.br\/wp-content\/uploads\/2023\/01\/fdm2-272x182.jpg 272w\" sizes=\"auto, (max-width: 850px) 100vw, 850px\" \/><\/a><\/div><div id=\"panel-6397-0-0-1\" class=\"so-panel widget widget_media_image panel-last-child\" data-index=\"1\" ><a href=\"https:\/\/infinitipalmilhas.com.br\/wp-content\/uploads\/2023\/01\/Palmilha-3d.jpg\"><img loading=\"lazy\" decoding=\"async\" width=\"1024\" height=\"681\" src=\"https:\/\/infinitipalmilhas.com.br\/wp-content\/uploads\/2023\/01\/Palmilha-3d.jpg\" class=\"image wp-image-8297  attachment-full size-full\" alt=\"\" style=\"max-width: 100%; height: auto;\" srcset=\"https:\/\/infinitipalmilhas.com.br\/wp-content\/uploads\/2023\/01\/Palmilha-3d.jpg 1024w, https:\/\/infinitipalmilhas.com.br\/wp-content\/uploads\/2023\/01\/Palmilha-3d-300x200.jpg 300w, https:\/\/infinitipalmilhas.com.br\/wp-content\/uploads\/2023\/01\/Palmilha-3d-768x511.jpg 768w, https:\/\/infinitipalmilhas.com.br\/wp-content\/uploads\/2023\/01\/Palmilha-3d-360x240.jpg 360w, https:\/\/infinitipalmilhas.com.br\/wp-content\/uploads\/2023\/01\/Palmilha-3d-272x182.jpg 272w\" sizes=\"auto, (max-width: 1024px) 100vw, 1024px\" \/><\/a><\/div><\/div><div id=\"pgc-6397-0-1\"  class=\"panel-grid-cell\" ><div id=\"panel-6397-0-1-0\" class=\"so-panel widget widget_sow-editor panel-first-child\" data-index=\"2\" ><div\n\t\t\t\n\t\t\tclass=\"so-widget-sow-editor so-widget-sow-editor-base\"\n\t\t\t\n\t\t>\n<div class=\"siteorigin-widget-tinymce textwidget\">\n\t<div class=\"flex flex-grow flex-col gap-3\">\n<div class=\"min-h-[20px] flex flex-col items-start gap-4 whitespace-pre-wrap\">\n<p><strong>FASE 4:<\/strong><\/p>\n<p>As Palmilhas 3D sob medida s\u00e3o produzidas em impressoras 3D, utilizando filamentos de TPU (Poliuretano Termopl\u00e1stico), um material altamente resistente e flex\u00edvel, trazendo maior conforto ao paciente. Al\u00e9m disso, as Palmilhas da Infiniti s\u00e3o:<\/p>\n<ul>\n<li>Dur\u00e1veis,<\/li>\n<li>Flex\u00edveis,<\/li>\n<li>Hipoalerg\u00eanicas;<\/li>\n<li>F\u00e1cil de limpar; e<\/li>\n<li>Absorvem o impacto da pisada.<\/li>\n<\/ul>\n<\/div>\n<div class=\"min-h-[20px] flex flex-col items-start gap-4 whitespace-pre-wrap\">\n<div class=\"markdown prose w-full break-words dark:prose-invert light\">\n<p>O resultado final \u00e9 uma palmilha 3D sob medida ultraleve e totalmente personalizada que aliviam as dores dos p\u00e9s e oferece conforto durante todas as atividades do seu dia a dia.<\/p>\n<p>Agende agora uma avalia\u00e7\u00e3o e se beneficie de uma vida sem dor com as palmilhas mais tecnol\u00f3gicas do mercado!<\/p>\n<\/div>\n<\/div>\n<\/div>\n<\/div>\n<\/div><\/div><div id=\"panel-6397-0-1-1\" class=\"so-panel widget widget_sow-button panel-last-child\" data-index=\"3\" ><div\n\t\t\t\n\t\t\tclass=\"so-widget-sow-button so-widget-sow-button-flat-c13b6912c499-6397\"\n\t\t\t\n\t\t><div class=\"ow-button-base ow-button-align-center\"\n>\n\t\t\t<a\n\t\t\t\t\thref=\"https:\/\/infinitipalmilhas.com.br\/index.php\/agendamento\/\"\n\t\t\t\t\tclass=\"sowb-button ow-icon-placement-left ow-button-hover\" \t>\n\t\t<span>\n\t\t\t\n\t\t\tAgende sua avalia\u00e7\u00e3o\t\t<\/span>\n\t\t\t<\/a>\n\t<\/div>\n<\/div><\/div><\/div><\/div><\/div>","protected":false},"excerpt":{"rendered":"<p>FASE 4:<\/p>\n<p>As Palmilhas 3D sob medida s\u00e3o produzidas em impressoras 3D, utilizando filamentos de TPU (Poliuretano Termopl\u00e1stico), um material altamente resistente e flex\u00edvel, trazendo maior conforto ao paciente. Al\u00e9m disso, as Palmilhas da Infiniti s\u00e3o:<\/p>\n","protected":false},"author":1,"featured_media":7995,"parent":110,"menu_order":0,"comment_status":"closed","ping_status":"closed","template":"","meta":{"om_disable_all_campaigns":false,"_monsterinsights_skip_tracking":false,"_monsterinsights_sitenote_active":false,"_monsterinsights_sitenote_note":"","_monsterinsights_sitenote_category":0,"_uf_show_specific_survey":0,"_uf_disable_surveys":false,"footnotes":""},"class_list":["post-6397","page","type-page","status-publish","has-post-thumbnail","hentry"],"acf":[],"aioseo_notices":[],"_links":{"self":[{"href":"https:\/\/infinitipalmilhas.com.br\/index.php\/wp-json\/wp\/v2\/pages\/6397","targetHints":{"allow":["GET"]}}],"collection":[{"href":"https:\/\/infinitipalmilhas.com.br\/index.php\/wp-json\/wp\/v2\/pages"}],"about":[{"href":"https:\/\/infinitipalmilhas.com.br\/index.php\/wp-json\/wp\/v2\/types\/page"}],"author":[{"embeddable":true,"href":"https:\/\/infinitipalmilhas.com.br\/index.php\/wp-json\/wp\/v2\/users\/1"}],"replies":[{"embeddable":true,"href":"https:\/\/infinitipalmilhas.com.br\/index.php\/wp-json\/wp\/v2\/comments?post=6397"}],"version-history":[{"count":29,"href":"https:\/\/infinitipalmilhas.com.br\/index.php\/wp-json\/wp\/v2\/pages\/6397\/revisions"}],"predecessor-version":[{"id":8409,"href":"https:\/\/infinitipalmilhas.com.br\/index.php\/wp-json\/wp\/v2\/pages\/6397\/revisions\/8409"}],"up":[{"embeddable":true,"href":"https:\/\/infinitipalmilhas.com.br\/index.php\/wp-json\/wp\/v2\/pages\/110"}],"wp:featuredmedia":[{"embeddable":true,"href":"https:\/\/infinitipalmilhas.com.br\/index.php\/wp-json\/wp\/v2\/media\/7995"}],"wp:attachment":[{"href":"https:\/\/infinitipalmilhas.com.br\/index.php\/wp-json\/wp\/v2\/media?parent=6397"}],"curies":[{"name":"wp","href":"https:\/\/api.w.org\/{rel}","templated":true}]}}