{"id":7483,"date":"2020-11-25T21:38:30","date_gmt":"2020-11-25T21:38:30","guid":{"rendered":"https:\/\/export-demos.qreativethemes.com\/physio\/?page_id=2"},"modified":"2023-04-20T13:48:12","modified_gmt":"2023-04-20T13:48:12","slug":"quem-somos","status":"publish","type":"page","link":"https:\/\/infinitipalmilhas.com.br\/index.php\/quem-somos\/","title":{"rendered":"Quem somos"},"content":{"rendered":"<div id=\"pl-7483\"  class=\"panel-layout\" ><div id=\"pg-7483-0\"  class=\"panel-grid panel-no-style\" ><div id=\"pgc-7483-0-0\"  class=\"panel-grid-cell\" ><div id=\"panel-7483-0-0-0\" class=\"so-panel widget widget_sow-editor panel-first-child\" data-index=\"0\" ><div\n\t\t\t\n\t\t\tclass=\"so-widget-sow-editor so-widget-sow-editor-base\"\n\t\t\t\n\t\t>\n<div class=\"siteorigin-widget-tinymce textwidget\">\n\t<p>A Infiniti Palmilhas desenha e fabrica digitalmente Palmilhas ortop\u00e9dias 3D, feitas sob medida, sediada na cidade de Jundia\u00ed-SP.<\/p>\n<p>Com mais de 20 anos de experi\u00eancia na \u00e1rea de fisioterapia, a Dra. <strong>Thais<\/strong> Ciconello ir\u00e1 avaliar e desenvolver uma palmilha 3D sob medida para o paciente, utilizando a mais alta tecnologia 3D existente no mercado.<\/p>\n<p>Venha para Infiniti e descubra os benef\u00edcios de uma vida sem dor com as palmilhas mais tecnol\u00f3gicas do mercado!<\/p>\n<\/div>\n<\/div><\/div><div id=\"panel-7483-0-0-1\" class=\"so-panel widget widget_sow-editor panel-last-child\" data-index=\"1\" ><div\n\t\t\t\n\t\t\tclass=\"so-widget-sow-editor so-widget-sow-editor-base\"\n\t\t\t\n\t\t><h3 class=\"widget-title\">Nossa Vis\u00e3o<\/h3>\n<div class=\"siteorigin-widget-tinymce textwidget\">\n\t<p>Ser l\u00edder no mercado de sa\u00fade e bem-estar dos p\u00e9s, oferecendo solu\u00e7\u00f5es personalizadas, inovadoras e de alta tecnologia para pessoas de todas as idades e necessidades. N\u00f3s acreditamos que cada pessoa \u00e9 \u00fanica e merece produtos que se adaptem perfeitamente aos seus p\u00e9s, para melhorar a sua qualidade de vida e prevenir les\u00f5es.<\/p>\n<\/div>\n<\/div><\/div><\/div><div id=\"pgc-7483-0-1\"  class=\"panel-grid-cell\" ><div id=\"panel-7483-0-1-0\" class=\"so-panel widget widget_sow-editor panel-first-child panel-last-child\" data-index=\"2\" ><div\n\t\t\t\n\t\t\tclass=\"so-widget-sow-editor so-widget-sow-editor-base\"\n\t\t\t\n\t\t><h3 class=\"widget-title\">Nossa miss\u00e3o<\/h3>\n<div class=\"siteorigin-widget-tinymce textwidget\">\n\t<p>Nosso compromisso \u00e9 garantir que nossos clientes tenham uma vida mais saud\u00e1vel e nunca mais sofram com dores nos p\u00e9s. Para cumprir essa promessa, n\u00f3s Palmilhas 3D sob medida de alta qualidade capaz de atender a todas as necessidades individuais de nossos clientes, incluindo palmilhas para: pr\u00e1tica de esportes, uso di\u00e1rio no trabalho, pr\u00e1tica de caminhada e uso casual.<\/p>\n<\/div>\n<\/div><\/div><\/div><div id=\"pgc-7483-0-2\"  class=\"panel-grid-cell\" ><div id=\"panel-7483-0-2-0\" class=\"so-panel widget widget_sow-image panel-first-child panel-last-child\" data-index=\"3\" ><div\n\t\t\t\n\t\t\tclass=\"so-widget-sow-image so-widget-sow-image-default-8b5b6f678277-7483\"\n\t\t\t\n\t\t>\n<div class=\"sow-image-container\">\n\t\t<img \n\tsrc=\"https:\/\/infinitipalmilhas.com.br\/wp-content\/uploads\/2023\/01\/360x508.png\" width=\"360\" height=\"508\" srcset=\"https:\/\/infinitipalmilhas.com.br\/wp-content\/uploads\/2023\/01\/360x508.png 360w, https:\/\/infinitipalmilhas.com.br\/wp-content\/uploads\/2023\/01\/360x508-213x300.png 213w\" sizes=\"(max-width: 360px) 100vw, 360px\" title=\"360&#215;508\" alt=\"\" \t\tclass=\"so-widget-image\"\/>\n\t<\/div>\n\n<\/div><\/div><\/div><\/div><div id=\"pg-7483-1\"  class=\"panel-grid panel-no-style\" ><div id=\"pgc-7483-1-0\"  class=\"panel-grid-cell\" ><div id=\"panel-7483-1-0-0\" class=\"so-panel widget widget_sow-editor panel-first-child panel-last-child\" data-index=\"4\" ><div\n\t\t\t\n\t\t\tclass=\"so-widget-sow-editor so-widget-sow-editor-base\"\n\t\t\t\n\t\t>\n<div class=\"siteorigin-widget-tinymce textwidget\">\n\t<p><img loading=\"lazy\" decoding=\"async\" class=\"size-full wp-image-245\" src=\"https:\/\/export-xml.qreativethemes.com\/physio\/wp-content\/uploads\/sites\/3\/2015\/11\/image-divider.jpg\" alt=\"image-divider\" width=\"1144\" height=\"50\" \/><\/p>\n<\/div>\n<\/div><\/div><\/div><\/div><\/div>","protected":false},"excerpt":{"rendered":"<p>A Infiniti Palmilhas \u00e9 uma cl\u00ednica de palmilhas ortop\u00e9dias 3D, feitas sob medida, sediada na cidade de Jundia\u00ed-SP.<\/p>\n<p>Com mais de 20 anos de experi\u00eancia na \u00e1rea de fisioterapia, a Dra. Thais Ciconello ir\u00e1 avaliar e desenvolver uma palmilha 3D sob medida para o paciente, utilizando a mais alta tecnologia 3D existente no mercado.<\/p>\n<p>Venha para Infiniti e descubra os benef\u00edcios de uma vida sem dor com as palmilhas mais tecnol\u00f3gicas do mercado!<\/p>\n","protected":false},"author":1,"featured_media":0,"parent":0,"menu_order":0,"comment_status":"closed","ping_status":"closed","template":"","meta":{"om_disable_all_campaigns":false,"_monsterinsights_skip_tracking":false,"_monsterinsights_sitenote_active":false,"_monsterinsights_sitenote_note":"","_monsterinsights_sitenote_category":0,"_uf_show_specific_survey":0,"_uf_disable_surveys":false,"footnotes":""},"class_list":["post-7483","page","type-page","status-publish","hentry"],"acf":[],"aioseo_notices":[],"_links":{"self":[{"href":"https:\/\/infinitipalmilhas.com.br\/index.php\/wp-json\/wp\/v2\/pages\/7483","targetHints":{"allow":["GET"]}}],"collection":[{"href":"https:\/\/infinitipalmilhas.com.br\/index.php\/wp-json\/wp\/v2\/pages"}],"about":[{"href":"https:\/\/infinitipalmilhas.com.br\/index.php\/wp-json\/wp\/v2\/types\/page"}],"author":[{"embeddable":true,"href":"https:\/\/infinitipalmilhas.com.br\/index.php\/wp-json\/wp\/v2\/users\/1"}],"replies":[{"embeddable":true,"href":"https:\/\/infinitipalmilhas.com.br\/index.php\/wp-json\/wp\/v2\/comments?post=7483"}],"version-history":[{"count":50,"href":"https:\/\/infinitipalmilhas.com.br\/index.php\/wp-json\/wp\/v2\/pages\/7483\/revisions"}],"predecessor-version":[{"id":8414,"href":"https:\/\/infinitipalmilhas.com.br\/index.php\/wp-json\/wp\/v2\/pages\/7483\/revisions\/8414"}],"wp:attachment":[{"href":"https:\/\/infinitipalmilhas.com.br\/index.php\/wp-json\/wp\/v2\/media?parent=7483"}],"curies":[{"name":"wp","href":"https:\/\/api.w.org\/{rel}","templated":true}]}}