{"id":8147,"date":"2023-01-17T19:07:24","date_gmt":"2023-01-17T19:07:24","guid":{"rendered":"https:\/\/infinitipalmilhas.com.br\/?page_id=8147"},"modified":"2023-01-19T12:31:27","modified_gmt":"2023-01-19T12:31:27","slug":"tratamentos","status":"publish","type":"page","link":"https:\/\/infinitipalmilhas.com.br\/index.php\/tratamentos\/","title":{"rendered":"Tratamentos"},"content":{"rendered":"<div id=\"pl-8147\"  class=\"panel-layout\" ><div id=\"pg-8147-0\"  class=\"panel-grid panel-no-style\" ><div id=\"pgc-8147-0-0\"  class=\"panel-grid-cell\" ><div id=\"panel-8147-0-0-0\" class=\"so-panel widget widget_sow-image panel-first-child\" data-index=\"0\" ><div\n\t\t\t\n\t\t\tclass=\"so-widget-sow-image so-widget-sow-image-default-8b5b6f678277-8147\"\n\t\t\t\n\t\t>\n<div class=\"sow-image-container\">\n\t\t<img \n\tsrc=\"https:\/\/infinitipalmilhas.com.br\/wp-content\/uploads\/2023\/01\/HP-3D-foot-scan-in-progress-1024x578-1.png\" width=\"1024\" height=\"578\" srcset=\"https:\/\/infinitipalmilhas.com.br\/wp-content\/uploads\/2023\/01\/HP-3D-foot-scan-in-progress-1024x578-1.png 1024w, https:\/\/infinitipalmilhas.com.br\/wp-content\/uploads\/2023\/01\/HP-3D-foot-scan-in-progress-1024x578-1-300x169.png 300w, https:\/\/infinitipalmilhas.com.br\/wp-content\/uploads\/2023\/01\/HP-3D-foot-scan-in-progress-1024x578-1-768x434.png 768w\" sizes=\"(max-width: 1024px) 100vw, 1024px\" title=\"HP-3D-foot-scan-in-progress-1024&#215;578\" alt=\"\" \t\tclass=\"so-widget-image\"\/>\n\t<\/div>\n\n<\/div><\/div><div id=\"panel-8147-0-0-1\" class=\"so-panel widget widget_sow-editor\" data-index=\"1\" ><div\n\t\t\t\n\t\t\tclass=\"so-widget-sow-editor so-widget-sow-editor-base\"\n\t\t\t\n\t\t><h3 class=\"widget-title\">Infiniti Palmilhas 3D sob medida<\/h3>\n<div class=\"siteorigin-widget-tinymce textwidget\">\n\t<p>A Infiniti Palmilhas oferece a melhor op\u00e7\u00e3o em palmilhas 3D sob medida. Com nossas palmilhas, voc\u00ea pode contar com estabilidade, conforto, precis\u00e3o, durabilidade, absor\u00e7\u00e3o de impactos, flexibilidade, prova d'\u00e1gua, hipoalerg\u00eanicas e f\u00e1ceis de limpar.<\/p>\n<p>Nossas palmilhas s\u00e3o feitas sob medida para se adaptar perfeitamente aos seus p\u00e9s, proporcionando um suporte ideal para seus passos. Al\u00e9m disso, elas s\u00e3o projetadas para absorver os impactos durante a caminhada ou corrida, protegendo seus joelhos e outras articula\u00e7\u00f5es. Elas s\u00e3o flex\u00edveis e resistentes e proporcionando uma sensa\u00e7\u00e3o de conforto durante todo o dia.<\/p>\n<p>Desenvolvemos Palmilhas 3D sob medida para as mais diversas necessidades, como:<\/p>\n<ul>\n<li>Palmilhas para crian\u00e7as,<\/li>\n<li>Palmilhas para terceira idade,<\/li>\n<li>Palmilhas para esportistas,<\/li>\n<li>Palmilhas para fascite plantar,<\/li>\n<li>Palmilhas para espor\u00e3o de calc\u00e2neo,<\/li>\n<li>Palmilhas para salto alto,<\/li>\n<li>Palmilhas para calo nos p\u00e9s,<\/li>\n<li>Palmilhas para neuroma de Morton,<\/li>\n<li>Palmilhas para tendinite,<\/li>\n<li>Palmilhas para dores articulares,<\/li>\n<li>Palmilhas para joanetes,<\/li>\n<li>Palmilhas para canelite,<\/li>\n<li>Palmilhas para encurtamento de pernas;<\/li>\n<li>Palmilhas para Pisada Pronada;<\/li>\n<li>Palmilhas para Pisada Supinada;<\/li>\n<li>Palmilhas para Pisada Neutra.<\/li>\n<\/ul>\n<p>Experimente hoje mesmo as palmilhas 3D sob medida da Infiniti Palmilhas e sinta a diferen\u00e7a!<\/p>\n<p>Agende sua avalia\u00e7\u00e3o<\/p>\n<p style=\"text-align: left;\"><strong>TIPOS DE PISADA<\/strong><\/p>\n<\/div>\n<\/div><\/div><div id=\"panel-8147-0-0-2\" class=\"so-panel widget widget_sow-image\" data-index=\"2\" ><div\n\t\t\t\n\t\t\tclass=\"so-widget-sow-image so-widget-sow-image-default-8b5b6f678277-8147\"\n\t\t\t\n\t\t>\n<div class=\"sow-image-container\">\n\t\t<img \n\tsrc=\"https:\/\/infinitipalmilhas.com.br\/wp-content\/uploads\/2023\/01\/Tipos-de-Pisada.jpg\" width=\"622\" height=\"397\" srcset=\"https:\/\/infinitipalmilhas.com.br\/wp-content\/uploads\/2023\/01\/Tipos-de-Pisada.jpg 622w, https:\/\/infinitipalmilhas.com.br\/wp-content\/uploads\/2023\/01\/Tipos-de-Pisada-300x191.jpg 300w\" sizes=\"(max-width: 622px) 100vw, 622px\" title=\"Tipos de Pisada\" alt=\"\" \t\tclass=\"so-widget-image\"\/>\n\t<\/div>\n\n<\/div><\/div><div id=\"panel-8147-0-0-3\" class=\"so-panel widget widget_sow-button panel-last-child\" data-index=\"3\" ><div\n\t\t\t\n\t\t\tclass=\"so-widget-sow-button so-widget-sow-button-flat-f54c0409268f-8147\"\n\t\t\t\n\t\t><div class=\"ow-button-base ow-button-align-center\"\n>\n\t\t\t<a\n\t\t\t\t\thref=\"https:\/\/infinitipalmilhas.com.br\/index.php\/agendamento\/\"\n\t\t\t\t\tclass=\"sowb-button ow-icon-placement-left ow-button-hover\" \t>\n\t\t<span>\n\t\t\t\n\t\t\tAgende sua avalia\u00e7\u00e3o\t\t<\/span>\n\t\t\t<\/a>\n\t<\/div>\n<\/div><\/div><\/div><\/div><\/div>","protected":false},"excerpt":{"rendered":"<p>A Infiniti Palmilhas oferece a melhor op\u00e7\u00e3o em palmilhas 3D sob medida. Com nossas palmilhas, voc\u00ea pode contar com estabilidade, conforto, precis\u00e3o, durabilidade, absor\u00e7\u00e3o de impactos, flexibilidade, prova d&#8217;\u00e1gua, hipoalerg\u00eanicas e f\u00e1ceis de limpar. Nossas palmilhas s\u00e3o feitas sob medida para se adaptar perfeitamente aos seus p\u00e9s, proporcionando um suporte ideal para seus passos. Al\u00e9m [&hellip;]<\/p>\n","protected":false},"author":1,"featured_media":8081,"parent":0,"menu_order":0,"comment_status":"closed","ping_status":"closed","template":"","meta":{"om_disable_all_campaigns":false,"_monsterinsights_skip_tracking":false,"_monsterinsights_sitenote_active":false,"_monsterinsights_sitenote_note":"","_monsterinsights_sitenote_category":0,"_uf_show_specific_survey":0,"_uf_disable_surveys":false,"footnotes":""},"class_list":["post-8147","page","type-page","status-publish","has-post-thumbnail","hentry"],"acf":[],"aioseo_notices":[],"_links":{"self":[{"href":"https:\/\/infinitipalmilhas.com.br\/index.php\/wp-json\/wp\/v2\/pages\/8147","targetHints":{"allow":["GET"]}}],"collection":[{"href":"https:\/\/infinitipalmilhas.com.br\/index.php\/wp-json\/wp\/v2\/pages"}],"about":[{"href":"https:\/\/infinitipalmilhas.com.br\/index.php\/wp-json\/wp\/v2\/types\/page"}],"author":[{"embeddable":true,"href":"https:\/\/infinitipalmilhas.com.br\/index.php\/wp-json\/wp\/v2\/users\/1"}],"replies":[{"embeddable":true,"href":"https:\/\/infinitipalmilhas.com.br\/index.php\/wp-json\/wp\/v2\/comments?post=8147"}],"version-history":[{"count":48,"href":"https:\/\/infinitipalmilhas.com.br\/index.php\/wp-json\/wp\/v2\/pages\/8147\/revisions"}],"predecessor-version":[{"id":8400,"href":"https:\/\/infinitipalmilhas.com.br\/index.php\/wp-json\/wp\/v2\/pages\/8147\/revisions\/8400"}],"wp:featuredmedia":[{"embeddable":true,"href":"https:\/\/infinitipalmilhas.com.br\/index.php\/wp-json\/wp\/v2\/media\/8081"}],"wp:attachment":[{"href":"https:\/\/infinitipalmilhas.com.br\/index.php\/wp-json\/wp\/v2\/media?parent=8147"}],"curies":[{"name":"wp","href":"https:\/\/api.w.org\/{rel}","templated":true}]}}